{"id":3745,"date":"2026-05-05T08:45:03","date_gmt":"2026-05-05T07:45:03","guid":{"rendered":"https:\/\/africa-digital.com\/2026\/?page_id=3745"},"modified":"2026-05-05T08:48:14","modified_gmt":"2026-05-05T07:48:14","slug":"bim-e-solutions","status":"publish","type":"page","link":"https:\/\/africa-digital.com\/2026\/bim-e-solutions\/","title":{"rendered":"BIM e-Solutions"},"content":{"rendered":"<div id=\"cs-content\" class=\"cs-content\"  ><div id=\"x-section-1\" class=\"x-section\" style=\"margin: 0px;padding: 45px 0px; background-color: transparent;\"  ><div class=\"x-container max width\" style=\"margin: 0px auto;padding: 0px;\"  ><div  class=\"x-column x-sm x-1-3\" style=\"padding: 0px;opacity: 0; transform: translate(-45px, 0); transition-duration: 750ms;\" data-x-element=\"column\" data-x-params=\"{&quot;fade&quot;:true}\"  data-fade=\"true\"><hr  class=\"x-gap\" style=\"margin: 5px 0 0 0;\"><img decoding=\"async\"  class=\"x-img x-img-thumbnail\"  src=\"https:\/\/africa-digital.com\/2026\/wp-content\/uploads\/2026\/05\/BIM_e-solutions_pos-600x400-1.gif\" ><a  class=\"x-btn x-btn-regular x-btn-block\"  href=\"https:\/\/africa-digital.com\/2026\/partners\/\"     data-options=\"thumbnail: ''\"><i  class=\"x-icon mvn mln mrs x-icon-hand-o-right\" data-x-icon-o=\"&#xf0a4;\" aria-hidden=\"true\"><\/i>Back to Partners<\/a><\/div><div  class=\"x-column x-sm x-2-3\" style=\"padding: 0px;opacity: 0; transform: translate(45px, 0); transition-duration: 750ms;\" data-x-element=\"column\" data-x-params=\"{&quot;fade&quot;:true}\"  data-fade=\"true\"><div class=\"x-text cs-ta-justify\"  ><p>BIM e-Solutions specializes in delivering advanced software solutions for governmental agencies, enhancing trade facilitation and strengthening national security. With over 30 years of experience, we have a comprehensive understanding of the needs of security agencies and offer innovative tools to bring clarity and transparency to complex and extensive datasets.<\/p>\n<p>BIM e-Solutions est sp\u00e9cialis\u00e9e dans la fourniture de solutions logicielles avanc\u00e9es pour les organismes gouvernementaux, favorisant la facilitation du commerce et renfor\u00e7ant la s\u00e9curit\u00e9 nationale. Forts de plus de 30 ans d\u2019exp\u00e9rience, nous poss\u00e9dons une compr\u00e9hension approfondie des besoins des agences de s\u00e9curit\u00e9 et proposons des outils innovants visant \u00e0 apporter clart\u00e9 et transparence \u00e0 des ensembles de donn\u00e9es complexes et volumineux.<\/p>\n<p>Website &#8211; <a href=\"https:\/\/www.bim-esolutions.com\/\" target=\"_blank\" rel=\"noopener\">bim-esolutions.com<\/a><\/p>\n<\/div><\/div><\/div><\/div><\/div>\n","protected":false},"excerpt":{"rendered":"","protected":false},"author":1,"featured_media":3746,"parent":0,"menu_order":0,"comment_status":"closed","ping_status":"closed","template":"","meta":{"footnotes":""},"yoast_head":"<!-- This site is optimized with the Yoast SEO plugin v24.4 - https:\/\/yoast.com\/wordpress\/plugins\/seo\/ -->\n<title>BIM e-Solutions - Digital Government Africa 2026<\/title>\n<meta name=\"robots\" content=\"index, follow, max-snippet:-1, max-image-preview:large, max-video-preview:-1\" \/>\n<link rel=\"canonical\" href=\"https:\/\/africa-digital.com\/2026\/bim-e-solutions\/\" \/>\n<meta property=\"og:locale\" content=\"en_US\" \/>\n<meta property=\"og:type\" content=\"article\" \/>\n<meta property=\"og:title\" content=\"BIM e-Solutions - Digital Government Africa 2026\" \/>\n<meta property=\"og:url\" content=\"https:\/\/africa-digital.com\/2026\/bim-e-solutions\/\" \/>\n<meta property=\"og:site_name\" content=\"Digital Government Africa 2026\" \/>\n<meta property=\"article:modified_time\" content=\"2026-05-05T07:48:14+00:00\" \/>\n<meta property=\"og:image\" content=\"https:\/\/africa-digital.com\/2026\/wp-content\/uploads\/2026\/05\/BIM_e-solutions_pos-600x400-1.gif\" \/>\n\t<meta property=\"og:image:width\" content=\"600\" \/>\n\t<meta property=\"og:image:height\" content=\"400\" \/>\n\t<meta property=\"og:image:type\" content=\"image\/gif\" \/>\n<meta name=\"twitter:card\" content=\"summary_large_image\" \/>\n<meta name=\"twitter:label1\" content=\"Est. reading time\" \/>\n\t<meta name=\"twitter:data1\" content=\"2 minutes\" \/>\n<script type=\"application\/ld+json\" class=\"yoast-schema-graph\">{\"@context\":\"https:\/\/schema.org\",\"@graph\":[{\"@type\":\"WebPage\",\"@id\":\"https:\/\/africa-digital.com\/2026\/bim-e-solutions\/\",\"url\":\"https:\/\/africa-digital.com\/2026\/bim-e-solutions\/\",\"name\":\"BIM e-Solutions - Digital Government Africa 2026\",\"isPartOf\":{\"@id\":\"https:\/\/africa-digital.com\/2026\/#website\"},\"primaryImageOfPage\":{\"@id\":\"https:\/\/africa-digital.com\/2026\/bim-e-solutions\/#primaryimage\"},\"image\":{\"@id\":\"https:\/\/africa-digital.com\/2026\/bim-e-solutions\/#primaryimage\"},\"thumbnailUrl\":\"https:\/\/africa-digital.com\/2026\/wp-content\/uploads\/2026\/05\/BIM_e-solutions_pos-600x400-1.gif\",\"datePublished\":\"2026-05-05T07:45:03+00:00\",\"dateModified\":\"2026-05-05T07:48:14+00:00\",\"breadcrumb\":{\"@id\":\"https:\/\/africa-digital.com\/2026\/bim-e-solutions\/#breadcrumb\"},\"inLanguage\":\"en-US\",\"potentialAction\":[{\"@type\":\"ReadAction\",\"target\":[\"https:\/\/africa-digital.com\/2026\/bim-e-solutions\/\"]}]},{\"@type\":\"ImageObject\",\"inLanguage\":\"en-US\",\"@id\":\"https:\/\/africa-digital.com\/2026\/bim-e-solutions\/#primaryimage\",\"url\":\"https:\/\/africa-digital.com\/2026\/wp-content\/uploads\/2026\/05\/BIM_e-solutions_pos-600x400-1.gif\",\"contentUrl\":\"https:\/\/africa-digital.com\/2026\/wp-content\/uploads\/2026\/05\/BIM_e-solutions_pos-600x400-1.gif\",\"width\":600,\"height\":400},{\"@type\":\"BreadcrumbList\",\"@id\":\"https:\/\/africa-digital.com\/2026\/bim-e-solutions\/#breadcrumb\",\"itemListElement\":[{\"@type\":\"ListItem\",\"position\":1,\"name\":\"Home\",\"item\":\"https:\/\/africa-digital.com\/2026\/\"},{\"@type\":\"ListItem\",\"position\":2,\"name\":\"BIM e-Solutions\"}]},{\"@type\":\"WebSite\",\"@id\":\"https:\/\/africa-digital.com\/2026\/#website\",\"url\":\"https:\/\/africa-digital.com\/2026\/\",\"name\":\"Digital Government Africa 2026\",\"description\":\"Africa\u2019s Digital Ministerial Summit\",\"potentialAction\":[{\"@type\":\"SearchAction\",\"target\":{\"@type\":\"EntryPoint\",\"urlTemplate\":\"https:\/\/africa-digital.com\/2026\/?s={search_term_string}\"},\"query-input\":{\"@type\":\"PropertyValueSpecification\",\"valueRequired\":true,\"valueName\":\"search_term_string\"}}],\"inLanguage\":\"en-US\"}]}<\/script>\n<!-- \/ Yoast SEO plugin. -->","yoast_head_json":{"title":"BIM e-Solutions - Digital Government Africa 2026","robots":{"index":"index","follow":"follow","max-snippet":"max-snippet:-1","max-image-preview":"max-image-preview:large","max-video-preview":"max-video-preview:-1"},"canonical":"https:\/\/africa-digital.com\/2026\/bim-e-solutions\/","og_locale":"en_US","og_type":"article","og_title":"BIM e-Solutions - Digital Government Africa 2026","og_url":"https:\/\/africa-digital.com\/2026\/bim-e-solutions\/","og_site_name":"Digital Government Africa 2026","article_modified_time":"2026-05-05T07:48:14+00:00","og_image":[{"width":600,"height":400,"url":"https:\/\/africa-digital.com\/2026\/wp-content\/uploads\/2026\/05\/BIM_e-solutions_pos-600x400-1.gif","type":"image\/gif"}],"twitter_card":"summary_large_image","twitter_misc":{"Est. reading time":"2 minutes"},"schema":{"@context":"https:\/\/schema.org","@graph":[{"@type":"WebPage","@id":"https:\/\/africa-digital.com\/2026\/bim-e-solutions\/","url":"https:\/\/africa-digital.com\/2026\/bim-e-solutions\/","name":"BIM e-Solutions - Digital Government Africa 2026","isPartOf":{"@id":"https:\/\/africa-digital.com\/2026\/#website"},"primaryImageOfPage":{"@id":"https:\/\/africa-digital.com\/2026\/bim-e-solutions\/#primaryimage"},"image":{"@id":"https:\/\/africa-digital.com\/2026\/bim-e-solutions\/#primaryimage"},"thumbnailUrl":"https:\/\/africa-digital.com\/2026\/wp-content\/uploads\/2026\/05\/BIM_e-solutions_pos-600x400-1.gif","datePublished":"2026-05-05T07:45:03+00:00","dateModified":"2026-05-05T07:48:14+00:00","breadcrumb":{"@id":"https:\/\/africa-digital.com\/2026\/bim-e-solutions\/#breadcrumb"},"inLanguage":"en-US","potentialAction":[{"@type":"ReadAction","target":["https:\/\/africa-digital.com\/2026\/bim-e-solutions\/"]}]},{"@type":"ImageObject","inLanguage":"en-US","@id":"https:\/\/africa-digital.com\/2026\/bim-e-solutions\/#primaryimage","url":"https:\/\/africa-digital.com\/2026\/wp-content\/uploads\/2026\/05\/BIM_e-solutions_pos-600x400-1.gif","contentUrl":"https:\/\/africa-digital.com\/2026\/wp-content\/uploads\/2026\/05\/BIM_e-solutions_pos-600x400-1.gif","width":600,"height":400},{"@type":"BreadcrumbList","@id":"https:\/\/africa-digital.com\/2026\/bim-e-solutions\/#breadcrumb","itemListElement":[{"@type":"ListItem","position":1,"name":"Home","item":"https:\/\/africa-digital.com\/2026\/"},{"@type":"ListItem","position":2,"name":"BIM e-Solutions"}]},{"@type":"WebSite","@id":"https:\/\/africa-digital.com\/2026\/#website","url":"https:\/\/africa-digital.com\/2026\/","name":"Digital Government Africa 2026","description":"Africa\u2019s Digital Ministerial Summit","potentialAction":[{"@type":"SearchAction","target":{"@type":"EntryPoint","urlTemplate":"https:\/\/africa-digital.com\/2026\/?s={search_term_string}"},"query-input":{"@type":"PropertyValueSpecification","valueRequired":true,"valueName":"search_term_string"}}],"inLanguage":"en-US"}]}},"_links":{"self":[{"href":"https:\/\/africa-digital.com\/2026\/wp-json\/wp\/v2\/pages\/3745"}],"collection":[{"href":"https:\/\/africa-digital.com\/2026\/wp-json\/wp\/v2\/pages"}],"about":[{"href":"https:\/\/africa-digital.com\/2026\/wp-json\/wp\/v2\/types\/page"}],"author":[{"embeddable":true,"href":"https:\/\/africa-digital.com\/2026\/wp-json\/wp\/v2\/users\/1"}],"replies":[{"embeddable":true,"href":"https:\/\/africa-digital.com\/2026\/wp-json\/wp\/v2\/comments?post=3745"}],"version-history":[{"count":3,"href":"https:\/\/africa-digital.com\/2026\/wp-json\/wp\/v2\/pages\/3745\/revisions"}],"predecessor-version":[{"id":3749,"href":"https:\/\/africa-digital.com\/2026\/wp-json\/wp\/v2\/pages\/3745\/revisions\/3749"}],"wp:featuredmedia":[{"embeddable":true,"href":"https:\/\/africa-digital.com\/2026\/wp-json\/wp\/v2\/media\/3746"}],"wp:attachment":[{"href":"https:\/\/africa-digital.com\/2026\/wp-json\/wp\/v2\/media?parent=3745"}],"curies":[{"name":"wp","href":"https:\/\/api.w.org\/{rel}","templated":true}]}}