{"id":349,"date":"2023-06-22T22:43:04","date_gmt":"2023-06-22T21:43:04","guid":{"rendered":"https:\/\/africa-digital.com\/?page_id=349"},"modified":"2026-03-31T11:23:19","modified_gmt":"2026-03-31T10:23:19","slug":"in-groupe","status":"publish","type":"page","link":"https:\/\/africa-digital.com\/2026\/in-groupe\/","title":{"rendered":"IN Groupe"},"content":{"rendered":"<div id=\"cs-content\" class=\"cs-content\"  ><div id=\"x-section-1\" class=\"x-section\" style=\"margin: 0px;padding: 45px 0px; background-color: transparent;\"  ><div class=\"x-container max width\" style=\"margin: 0px auto;padding: 0px;\"  ><div  class=\"x-column x-sm x-1-3\" style=\"padding: 0px;opacity: 0; transform: translate(-45px, 0); transition-duration: 750ms;\" data-x-element=\"column\" data-x-params=\"{&quot;fade&quot;:true}\"  data-fade=\"true\"><hr  class=\"x-gap\" style=\"margin: 5px 0 0 0;\"><img decoding=\"async\"  class=\"x-img x-img-thumbnail\"  src=\"https:\/\/africa-digital.com\/2026\/wp-content\/uploads\/2023\/06\/In-Groupe-600x400-1.gif\" ><a  class=\"x-btn x-btn-regular x-btn-block\"  href=\"https:\/\/africa-digital.com\/2026\/partners\/\"     data-options=\"thumbnail: ''\"><i  class=\"x-icon mvn mln mrs x-icon-hand-o-right\" data-x-icon-o=\"&#xf0a4;\" aria-hidden=\"true\"><\/i>Back to Partners<\/a><\/div><div  class=\"x-column x-sm x-2-3\" style=\"padding: 0px;opacity: 0; transform: translate(45px, 0); transition-duration: 750ms;\" data-x-element=\"column\" data-x-params=\"{&quot;fade&quot;:true}\"  data-fade=\"true\"><div class=\"x-text cs-ta-justify\"  ><p>IN Groupe is a global leader in secure identity and trust services, specializing in identity solutions, secure transactions and digital services. Building on a long-standing history of partnership with governments, the group also serves public and private organizations worldwide.<\/p>\n<p>With deep expertise across the entire identity value chain, IN Groupe delivers solutions ranging from citizen ID to professional identity services, all in support of its core mission: providing every individual \u2013 whether citizen, consumer, or professional \u2013 with a secure identity in both the physical and digital worlds.<\/p>\n<p>Sp\u00e9cialiste de l\u2019identit\u00e9, des transactions s\u00e9curis\u00e9es et des services num\u00e9riques, IN Groupe est le leader mondial de l\u2019identit\u00e9 s\u00e9curis\u00e9e et des services de confiance. Fort d\u2019une relation historique de partenariat avec les gouvernements, le groupe sert des organisations publiques et priv\u00e9es \u00e0 travers le monde.<\/p>\n<p>Gr\u00e2ce \u00e0 sa ma\u00eetrise de l\u2019ensemble de la cha\u00eene de valeur de l\u2019identit\u00e9, IN Groupe \u00e9tend son expertise de l\u2019identit\u00e9 citoyenne aux solutions et services d\u2019identit\u00e9 professionnelle, pour accomplir sa mission essentielle : offrir \u00e0 chaque individu \u2013 citoyen, consommateur ou professionnel \u2013 une identit\u00e9 s\u00e9curis\u00e9e, tant dans le monde physique que num\u00e9rique.<\/p>\n<p>More information at <u><a href=\"https:\/\/ingroupe.com\/\" target=\"_blank\" rel=\"noopener\">ingroupe.com<\/a><\/u><\/p>\n<\/div><\/div><\/div><\/div><\/div>\n","protected":false},"excerpt":{"rendered":"","protected":false},"author":1,"featured_media":350,"parent":0,"menu_order":0,"comment_status":"closed","ping_status":"closed","template":"","meta":{"footnotes":""},"yoast_head":"<!-- This site is optimized with the Yoast SEO plugin v24.4 - https:\/\/yoast.com\/wordpress\/plugins\/seo\/ -->\n<title>IN Groupe - Digital Government Africa 2026<\/title>\n<meta name=\"robots\" content=\"index, follow, max-snippet:-1, max-image-preview:large, max-video-preview:-1\" \/>\n<link rel=\"canonical\" href=\"https:\/\/africa-digital.com\/2026\/in-groupe\/\" \/>\n<meta property=\"og:locale\" content=\"en_US\" \/>\n<meta property=\"og:type\" content=\"article\" \/>\n<meta property=\"og:title\" content=\"IN Groupe - Digital Government Africa 2026\" \/>\n<meta property=\"og:url\" content=\"https:\/\/africa-digital.com\/2026\/in-groupe\/\" \/>\n<meta property=\"og:site_name\" content=\"Digital Government Africa 2026\" \/>\n<meta property=\"article:modified_time\" content=\"2026-03-31T10:23:19+00:00\" \/>\n<meta property=\"og:image\" content=\"https:\/\/africa-digital.com\/2026\/wp-content\/uploads\/2023\/06\/In-Groupe-600x400-1.gif\" \/>\n\t<meta property=\"og:image:width\" content=\"600\" \/>\n\t<meta property=\"og:image:height\" content=\"400\" \/>\n\t<meta property=\"og:image:type\" content=\"image\/gif\" \/>\n<meta name=\"twitter:card\" content=\"summary_large_image\" \/>\n<meta name=\"twitter:label1\" content=\"Est. reading time\" \/>\n\t<meta name=\"twitter:data1\" content=\"2 minutes\" \/>\n<script type=\"application\/ld+json\" class=\"yoast-schema-graph\">{\"@context\":\"https:\/\/schema.org\",\"@graph\":[{\"@type\":\"WebPage\",\"@id\":\"https:\/\/africa-digital.com\/2026\/in-groupe\/\",\"url\":\"https:\/\/africa-digital.com\/2026\/in-groupe\/\",\"name\":\"IN Groupe - Digital Government Africa 2026\",\"isPartOf\":{\"@id\":\"https:\/\/africa-digital.com\/2026\/#website\"},\"primaryImageOfPage\":{\"@id\":\"https:\/\/africa-digital.com\/2026\/in-groupe\/#primaryimage\"},\"image\":{\"@id\":\"https:\/\/africa-digital.com\/2026\/in-groupe\/#primaryimage\"},\"thumbnailUrl\":\"https:\/\/africa-digital.com\/2026\/wp-content\/uploads\/2023\/06\/In-Groupe-600x400-1.gif\",\"datePublished\":\"2023-06-22T21:43:04+00:00\",\"dateModified\":\"2026-03-31T10:23:19+00:00\",\"breadcrumb\":{\"@id\":\"https:\/\/africa-digital.com\/2026\/in-groupe\/#breadcrumb\"},\"inLanguage\":\"en-US\",\"potentialAction\":[{\"@type\":\"ReadAction\",\"target\":[\"https:\/\/africa-digital.com\/2026\/in-groupe\/\"]}]},{\"@type\":\"ImageObject\",\"inLanguage\":\"en-US\",\"@id\":\"https:\/\/africa-digital.com\/2026\/in-groupe\/#primaryimage\",\"url\":\"https:\/\/africa-digital.com\/2026\/wp-content\/uploads\/2023\/06\/In-Groupe-600x400-1.gif\",\"contentUrl\":\"https:\/\/africa-digital.com\/2026\/wp-content\/uploads\/2023\/06\/In-Groupe-600x400-1.gif\",\"width\":600,\"height\":400},{\"@type\":\"BreadcrumbList\",\"@id\":\"https:\/\/africa-digital.com\/2026\/in-groupe\/#breadcrumb\",\"itemListElement\":[{\"@type\":\"ListItem\",\"position\":1,\"name\":\"Home\",\"item\":\"https:\/\/africa-digital.com\/2026\/\"},{\"@type\":\"ListItem\",\"position\":2,\"name\":\"IN Groupe\"}]},{\"@type\":\"WebSite\",\"@id\":\"https:\/\/africa-digital.com\/2026\/#website\",\"url\":\"https:\/\/africa-digital.com\/2026\/\",\"name\":\"Digital Government Africa 2026\",\"description\":\"Africa\u2019s Digital Ministerial Summit\",\"potentialAction\":[{\"@type\":\"SearchAction\",\"target\":{\"@type\":\"EntryPoint\",\"urlTemplate\":\"https:\/\/africa-digital.com\/2026\/?s={search_term_string}\"},\"query-input\":{\"@type\":\"PropertyValueSpecification\",\"valueRequired\":true,\"valueName\":\"search_term_string\"}}],\"inLanguage\":\"en-US\"}]}<\/script>\n<!-- \/ Yoast SEO plugin. -->","yoast_head_json":{"title":"IN Groupe - Digital Government Africa 2026","robots":{"index":"index","follow":"follow","max-snippet":"max-snippet:-1","max-image-preview":"max-image-preview:large","max-video-preview":"max-video-preview:-1"},"canonical":"https:\/\/africa-digital.com\/2026\/in-groupe\/","og_locale":"en_US","og_type":"article","og_title":"IN Groupe - Digital Government Africa 2026","og_url":"https:\/\/africa-digital.com\/2026\/in-groupe\/","og_site_name":"Digital Government Africa 2026","article_modified_time":"2026-03-31T10:23:19+00:00","og_image":[{"width":600,"height":400,"url":"https:\/\/africa-digital.com\/2026\/wp-content\/uploads\/2023\/06\/In-Groupe-600x400-1.gif","type":"image\/gif"}],"twitter_card":"summary_large_image","twitter_misc":{"Est. reading time":"2 minutes"},"schema":{"@context":"https:\/\/schema.org","@graph":[{"@type":"WebPage","@id":"https:\/\/africa-digital.com\/2026\/in-groupe\/","url":"https:\/\/africa-digital.com\/2026\/in-groupe\/","name":"IN Groupe - Digital Government Africa 2026","isPartOf":{"@id":"https:\/\/africa-digital.com\/2026\/#website"},"primaryImageOfPage":{"@id":"https:\/\/africa-digital.com\/2026\/in-groupe\/#primaryimage"},"image":{"@id":"https:\/\/africa-digital.com\/2026\/in-groupe\/#primaryimage"},"thumbnailUrl":"https:\/\/africa-digital.com\/2026\/wp-content\/uploads\/2023\/06\/In-Groupe-600x400-1.gif","datePublished":"2023-06-22T21:43:04+00:00","dateModified":"2026-03-31T10:23:19+00:00","breadcrumb":{"@id":"https:\/\/africa-digital.com\/2026\/in-groupe\/#breadcrumb"},"inLanguage":"en-US","potentialAction":[{"@type":"ReadAction","target":["https:\/\/africa-digital.com\/2026\/in-groupe\/"]}]},{"@type":"ImageObject","inLanguage":"en-US","@id":"https:\/\/africa-digital.com\/2026\/in-groupe\/#primaryimage","url":"https:\/\/africa-digital.com\/2026\/wp-content\/uploads\/2023\/06\/In-Groupe-600x400-1.gif","contentUrl":"https:\/\/africa-digital.com\/2026\/wp-content\/uploads\/2023\/06\/In-Groupe-600x400-1.gif","width":600,"height":400},{"@type":"BreadcrumbList","@id":"https:\/\/africa-digital.com\/2026\/in-groupe\/#breadcrumb","itemListElement":[{"@type":"ListItem","position":1,"name":"Home","item":"https:\/\/africa-digital.com\/2026\/"},{"@type":"ListItem","position":2,"name":"IN Groupe"}]},{"@type":"WebSite","@id":"https:\/\/africa-digital.com\/2026\/#website","url":"https:\/\/africa-digital.com\/2026\/","name":"Digital Government Africa 2026","description":"Africa\u2019s Digital Ministerial Summit","potentialAction":[{"@type":"SearchAction","target":{"@type":"EntryPoint","urlTemplate":"https:\/\/africa-digital.com\/2026\/?s={search_term_string}"},"query-input":{"@type":"PropertyValueSpecification","valueRequired":true,"valueName":"search_term_string"}}],"inLanguage":"en-US"}]}},"_links":{"self":[{"href":"https:\/\/africa-digital.com\/2026\/wp-json\/wp\/v2\/pages\/349"}],"collection":[{"href":"https:\/\/africa-digital.com\/2026\/wp-json\/wp\/v2\/pages"}],"about":[{"href":"https:\/\/africa-digital.com\/2026\/wp-json\/wp\/v2\/types\/page"}],"author":[{"embeddable":true,"href":"https:\/\/africa-digital.com\/2026\/wp-json\/wp\/v2\/users\/1"}],"replies":[{"embeddable":true,"href":"https:\/\/africa-digital.com\/2026\/wp-json\/wp\/v2\/comments?post=349"}],"version-history":[{"count":8,"href":"https:\/\/africa-digital.com\/2026\/wp-json\/wp\/v2\/pages\/349\/revisions"}],"predecessor-version":[{"id":3554,"href":"https:\/\/africa-digital.com\/2026\/wp-json\/wp\/v2\/pages\/349\/revisions\/3554"}],"wp:featuredmedia":[{"embeddable":true,"href":"https:\/\/africa-digital.com\/2026\/wp-json\/wp\/v2\/media\/350"}],"wp:attachment":[{"href":"https:\/\/africa-digital.com\/2026\/wp-json\/wp\/v2\/media?parent=349"}],"curies":[{"name":"wp","href":"https:\/\/api.w.org\/{rel}","templated":true}]}}