{"id":3459,"date":"2026-02-14T15:37:18","date_gmt":"2026-02-14T15:37:18","guid":{"rendered":"https:\/\/africa-digital.com\/2026\/?page_id=3459"},"modified":"2026-02-14T15:39:18","modified_gmt":"2026-02-14T15:39:18","slug":"identis","status":"publish","type":"page","link":"https:\/\/africa-digital.com\/2026\/identis\/","title":{"rendered":"Identis"},"content":{"rendered":"<div id=\"cs-content\" class=\"cs-content\"  ><div id=\"x-section-1\" class=\"x-section\" style=\"margin: 0px;padding: 45px 0px; background-color: transparent;\"  ><div class=\"x-container max width\" style=\"margin: 0px auto;padding: 0px;\"  ><div  class=\"x-column x-sm x-1-3\" style=\"padding: 0px;opacity: 0; transform: translate(-45px, 0); transition-duration: 750ms;\" data-x-element=\"column\" data-x-params=\"{&quot;fade&quot;:true}\"  data-fade=\"true\"><hr  class=\"x-gap\" style=\"margin: 5px 0 0 0;\"><img decoding=\"async\"  class=\"x-img x-img-thumbnail\"  src=\"https:\/\/africa-digital.com\/2026\/wp-content\/uploads\/2026\/02\/identis-600x400-1.jpg\" ><a  class=\"x-btn x-btn-regular x-btn-block\"  href=\"https:\/\/africa-digital.com\/2026\/partners\/\"     data-options=\"thumbnail: ''\"><i  class=\"x-icon mvn mln mrs x-icon-hand-o-right\" data-x-icon-o=\"&#xf0a4;\" aria-hidden=\"true\"><\/i>Back to Partners<\/a><\/div><div  class=\"x-column x-sm x-2-3\" style=\"padding: 0px;opacity: 0; transform: translate(45px, 0); transition-duration: 750ms;\" data-x-element=\"column\" data-x-params=\"{&quot;fade&quot;:true}\"  data-fade=\"true\"><div class=\"x-text cs-ta-justify\"  ><p><span>ENGLISH<br \/>\nIdentis is a global leader in secure identity and payment technologies, uniting trusted companies with decades of experience under one unified vision. Built on the foundations of Matica, Panini, UbiQ, and NBS, Identis delivers one of the most comprehensive and interoperable ecosystems spanning hardware, software, and digital platforms, empowering governments, financial institutions, and enterprises worldwide.<\/span><\/p>\n<p><span>Operating globally with offices in Europe, USA, UAE, Malaysia, and China, Identis combines the scale of an international group with the agility of a family-led business, supporting customers through a worldwide Certified Resellers network.<\/span><\/p>\n<p><span>Driven by innovation, reliability, and long-term partnership, Identis continues to shape the future of Secure Identity and Payments.<\/span><\/p>\n<p><span>Website: <a href=\"https:\/\/identisgroup.com\" target=\"_blank\" rel=\"noopener\">identisgroup.com<\/a><\/span><\/p>\n<p><span>FRENCH<br \/>\n<\/span><span>Identis est un leader mondial des technologies d\u2019identit\u00e9 s\u00e9curis\u00e9e et de paiement, r\u00e9unissant des entreprises de confiance fortes de plusieurs d\u00e9cennies d\u2019expertise autour d\u2019une vision unifi\u00e9e. Fond\u00e9 sur les bases de Matica, Panini, UbiQ et NBS, Identis propose l\u2019un des \u00e9cosyst\u00e8mes les plus complets et interop\u00e9rables du march\u00e9, couvrant le mat\u00e9riel, les logiciels et les plateformes num\u00e9riques, au service des gouvernements, des institutions financi\u00e8res et des entreprises \u00e0 l\u2019\u00e9chelle mondiale.<\/span><\/p>\n<p><span>Pr\u00e9sent \u00e0 l\u2019international avec des bureaux en Europe, aux \u00c9tats-Unis, aux \u00c9mirats arabes unis, en Malaisie et en Chine, Identis allie la puissance d\u2019un groupe mondial \u00e0 l\u2019agilit\u00e9 d\u2019une entreprise \u00e0 dimension familiale, accompagnant ses clients gr\u00e2ce \u00e0 un r\u00e9seau international de revendeurs certifi\u00e9s.<\/span><\/p>\n<p>Port\u00e9 par l\u2019innovation, la fiabilit\u00e9 et des partenariats durables, Identis fa\u00e7onne l\u2019avenir de l\u2019identit\u00e9 s\u00e9curis\u00e9e et des solutions de paiement.<\/p>\n<p>Site web : <a href=\"https:\/\/identisgroup.com\" target=\"_blank\" rel=\"noopener\">identisgroup.com<\/a><\/p>\n<\/div><\/div><\/div><\/div><\/div>\n","protected":false},"excerpt":{"rendered":"","protected":false},"author":1,"featured_media":3460,"parent":0,"menu_order":0,"comment_status":"closed","ping_status":"closed","template":"","meta":{"footnotes":""},"yoast_head":"<!-- This site is optimized with the Yoast SEO plugin v24.4 - https:\/\/yoast.com\/wordpress\/plugins\/seo\/ -->\n<title>Identis - Digital Government Africa 2026<\/title>\n<meta name=\"robots\" content=\"index, follow, max-snippet:-1, max-image-preview:large, max-video-preview:-1\" \/>\n<link rel=\"canonical\" href=\"https:\/\/africa-digital.com\/2026\/identis\/\" \/>\n<meta property=\"og:locale\" content=\"en_US\" \/>\n<meta property=\"og:type\" content=\"article\" \/>\n<meta property=\"og:title\" content=\"Identis - Digital Government Africa 2026\" \/>\n<meta property=\"og:url\" content=\"https:\/\/africa-digital.com\/2026\/identis\/\" \/>\n<meta property=\"og:site_name\" content=\"Digital Government Africa 2026\" \/>\n<meta property=\"article:modified_time\" content=\"2026-02-14T15:39:18+00:00\" \/>\n<meta property=\"og:image\" content=\"https:\/\/africa-digital.com\/2026\/wp-content\/uploads\/2026\/02\/identis-600x400-1.jpg\" \/>\n\t<meta property=\"og:image:width\" content=\"600\" \/>\n\t<meta property=\"og:image:height\" content=\"400\" \/>\n\t<meta property=\"og:image:type\" content=\"image\/jpeg\" \/>\n<meta name=\"twitter:card\" content=\"summary_large_image\" \/>\n<meta name=\"twitter:label1\" content=\"Est. reading time\" \/>\n\t<meta name=\"twitter:data1\" content=\"2 minutes\" \/>\n<script type=\"application\/ld+json\" class=\"yoast-schema-graph\">{\"@context\":\"https:\/\/schema.org\",\"@graph\":[{\"@type\":\"WebPage\",\"@id\":\"https:\/\/africa-digital.com\/2026\/identis\/\",\"url\":\"https:\/\/africa-digital.com\/2026\/identis\/\",\"name\":\"Identis - Digital Government Africa 2026\",\"isPartOf\":{\"@id\":\"https:\/\/africa-digital.com\/2026\/#website\"},\"primaryImageOfPage\":{\"@id\":\"https:\/\/africa-digital.com\/2026\/identis\/#primaryimage\"},\"image\":{\"@id\":\"https:\/\/africa-digital.com\/2026\/identis\/#primaryimage\"},\"thumbnailUrl\":\"https:\/\/africa-digital.com\/2026\/wp-content\/uploads\/2026\/02\/identis-600x400-1.jpg\",\"datePublished\":\"2026-02-14T15:37:18+00:00\",\"dateModified\":\"2026-02-14T15:39:18+00:00\",\"breadcrumb\":{\"@id\":\"https:\/\/africa-digital.com\/2026\/identis\/#breadcrumb\"},\"inLanguage\":\"en-US\",\"potentialAction\":[{\"@type\":\"ReadAction\",\"target\":[\"https:\/\/africa-digital.com\/2026\/identis\/\"]}]},{\"@type\":\"ImageObject\",\"inLanguage\":\"en-US\",\"@id\":\"https:\/\/africa-digital.com\/2026\/identis\/#primaryimage\",\"url\":\"https:\/\/africa-digital.com\/2026\/wp-content\/uploads\/2026\/02\/identis-600x400-1.jpg\",\"contentUrl\":\"https:\/\/africa-digital.com\/2026\/wp-content\/uploads\/2026\/02\/identis-600x400-1.jpg\",\"width\":600,\"height\":400},{\"@type\":\"BreadcrumbList\",\"@id\":\"https:\/\/africa-digital.com\/2026\/identis\/#breadcrumb\",\"itemListElement\":[{\"@type\":\"ListItem\",\"position\":1,\"name\":\"Home\",\"item\":\"https:\/\/africa-digital.com\/2026\/\"},{\"@type\":\"ListItem\",\"position\":2,\"name\":\"Identis\"}]},{\"@type\":\"WebSite\",\"@id\":\"https:\/\/africa-digital.com\/2026\/#website\",\"url\":\"https:\/\/africa-digital.com\/2026\/\",\"name\":\"Digital Government Africa 2026\",\"description\":\"Africa\u2019s Digital Ministerial Summit\",\"potentialAction\":[{\"@type\":\"SearchAction\",\"target\":{\"@type\":\"EntryPoint\",\"urlTemplate\":\"https:\/\/africa-digital.com\/2026\/?s={search_term_string}\"},\"query-input\":{\"@type\":\"PropertyValueSpecification\",\"valueRequired\":true,\"valueName\":\"search_term_string\"}}],\"inLanguage\":\"en-US\"}]}<\/script>\n<!-- \/ Yoast SEO plugin. -->","yoast_head_json":{"title":"Identis - Digital Government Africa 2026","robots":{"index":"index","follow":"follow","max-snippet":"max-snippet:-1","max-image-preview":"max-image-preview:large","max-video-preview":"max-video-preview:-1"},"canonical":"https:\/\/africa-digital.com\/2026\/identis\/","og_locale":"en_US","og_type":"article","og_title":"Identis - Digital Government Africa 2026","og_url":"https:\/\/africa-digital.com\/2026\/identis\/","og_site_name":"Digital Government Africa 2026","article_modified_time":"2026-02-14T15:39:18+00:00","og_image":[{"width":600,"height":400,"url":"https:\/\/africa-digital.com\/2026\/wp-content\/uploads\/2026\/02\/identis-600x400-1.jpg","type":"image\/jpeg"}],"twitter_card":"summary_large_image","twitter_misc":{"Est. reading time":"2 minutes"},"schema":{"@context":"https:\/\/schema.org","@graph":[{"@type":"WebPage","@id":"https:\/\/africa-digital.com\/2026\/identis\/","url":"https:\/\/africa-digital.com\/2026\/identis\/","name":"Identis - Digital Government Africa 2026","isPartOf":{"@id":"https:\/\/africa-digital.com\/2026\/#website"},"primaryImageOfPage":{"@id":"https:\/\/africa-digital.com\/2026\/identis\/#primaryimage"},"image":{"@id":"https:\/\/africa-digital.com\/2026\/identis\/#primaryimage"},"thumbnailUrl":"https:\/\/africa-digital.com\/2026\/wp-content\/uploads\/2026\/02\/identis-600x400-1.jpg","datePublished":"2026-02-14T15:37:18+00:00","dateModified":"2026-02-14T15:39:18+00:00","breadcrumb":{"@id":"https:\/\/africa-digital.com\/2026\/identis\/#breadcrumb"},"inLanguage":"en-US","potentialAction":[{"@type":"ReadAction","target":["https:\/\/africa-digital.com\/2026\/identis\/"]}]},{"@type":"ImageObject","inLanguage":"en-US","@id":"https:\/\/africa-digital.com\/2026\/identis\/#primaryimage","url":"https:\/\/africa-digital.com\/2026\/wp-content\/uploads\/2026\/02\/identis-600x400-1.jpg","contentUrl":"https:\/\/africa-digital.com\/2026\/wp-content\/uploads\/2026\/02\/identis-600x400-1.jpg","width":600,"height":400},{"@type":"BreadcrumbList","@id":"https:\/\/africa-digital.com\/2026\/identis\/#breadcrumb","itemListElement":[{"@type":"ListItem","position":1,"name":"Home","item":"https:\/\/africa-digital.com\/2026\/"},{"@type":"ListItem","position":2,"name":"Identis"}]},{"@type":"WebSite","@id":"https:\/\/africa-digital.com\/2026\/#website","url":"https:\/\/africa-digital.com\/2026\/","name":"Digital Government Africa 2026","description":"Africa\u2019s Digital Ministerial Summit","potentialAction":[{"@type":"SearchAction","target":{"@type":"EntryPoint","urlTemplate":"https:\/\/africa-digital.com\/2026\/?s={search_term_string}"},"query-input":{"@type":"PropertyValueSpecification","valueRequired":true,"valueName":"search_term_string"}}],"inLanguage":"en-US"}]}},"_links":{"self":[{"href":"https:\/\/africa-digital.com\/2026\/wp-json\/wp\/v2\/pages\/3459"}],"collection":[{"href":"https:\/\/africa-digital.com\/2026\/wp-json\/wp\/v2\/pages"}],"about":[{"href":"https:\/\/africa-digital.com\/2026\/wp-json\/wp\/v2\/types\/page"}],"author":[{"embeddable":true,"href":"https:\/\/africa-digital.com\/2026\/wp-json\/wp\/v2\/users\/1"}],"replies":[{"embeddable":true,"href":"https:\/\/africa-digital.com\/2026\/wp-json\/wp\/v2\/comments?post=3459"}],"version-history":[{"count":3,"href":"https:\/\/africa-digital.com\/2026\/wp-json\/wp\/v2\/pages\/3459\/revisions"}],"predecessor-version":[{"id":3463,"href":"https:\/\/africa-digital.com\/2026\/wp-json\/wp\/v2\/pages\/3459\/revisions\/3463"}],"wp:featuredmedia":[{"embeddable":true,"href":"https:\/\/africa-digital.com\/2026\/wp-json\/wp\/v2\/media\/3460"}],"wp:attachment":[{"href":"https:\/\/africa-digital.com\/2026\/wp-json\/wp\/v2\/media?parent=3459"}],"curies":[{"name":"wp","href":"https:\/\/api.w.org\/{rel}","templated":true}]}}