{"id":1293,"date":"2024-08-08T22:40:38","date_gmt":"2024-08-08T21:40:38","guid":{"rendered":"https:\/\/africa-digital.com\/2024\/?page_id=1293"},"modified":"2024-08-08T22:45:36","modified_gmt":"2024-08-08T21:45:36","slug":"somapa-information-technology","status":"publish","type":"page","link":"https:\/\/africa-digital.com\/2024\/somapa-information-technology\/","title":{"rendered":"Somapa Information Technology"},"content":{"rendered":"<div id=\"cs-content\" class=\"cs-content\"  ><div id=\"x-section-1\" class=\"x-section\" style=\"margin: 0px;padding: 45px 0px; background-color: transparent;\"  ><div class=\"x-container max width\" style=\"margin: 0px auto;padding: 0px;\"  ><div  class=\"x-column x-sm x-1-3\" style=\"padding: 0px;opacity: 0; transform: translate(-45px, 0); transition-duration: 750ms;\" data-x-element=\"column\" data-x-params=\"{&quot;fade&quot;:true}\"  data-fade=\"true\"><hr  class=\"x-gap\" style=\"margin: 5px 0 0 0;\"><img decoding=\"async\"  class=\"x-img x-img-thumbnail\"  src=\"https:\/\/africa-digital.com\/2024\/wp-content\/uploads\/2024\/08\/AW_Somapa-IT-600x400-1.gif\" ><a  class=\"x-btn x-btn-regular x-btn-block\"  href=\"https:\/\/africa-digital.com\/2024\/partners\/\"     data-options=\"thumbnail: ''\"><i  class=\"x-icon mvn mln mrs x-icon-hand-o-right\" data-x-icon-o=\"&#xf0a4;\" aria-hidden=\"true\"><\/i>Back to Partners<\/a><\/div><div  class=\"x-column x-sm x-2-3\" style=\"padding: 0px;opacity: 0; transform: translate(45px, 0); transition-duration: 750ms;\" data-x-element=\"column\" data-x-params=\"{&quot;fade&quot;:true}\"  data-fade=\"true\"><div class=\"x-text cs-ta-justify\"  ><p>Somapa Information Technology was established in 1995 and is a global industry leader providing end-to-end, fully customisable, and scalable border management solutions through its Smart Border Solution.<\/p>\n<p>Over nearly three decades, Somapa IT has developed and implemented a range of solutions that effectively and efficiently harmonise security and travel facilitation. In that time, Somapa IT has grown to become a trusted partner to government, industry and communities.<\/p>\n<p>Today, our Smart Border Solution screen over 100 million passengers per year &#8211; providing unparalleled levels of security while delivering seamless movement of genuine travellers around the world.<\/p>\n<p>Somapa IT\u2019s Smart Border Solution is designed with the flexibility to accommodate immediate needs and priorities while retaining the agility to respond to future opportunities and emerging risks.<\/p>\n<p>Requiring no capital expenditure or government investment, the Smart Border Solution make state-of-the-art border systems accessible to all countries, irrespective of size, budget, or traveller numbers.<\/p>\n<p>Somapa IT. Where Security meets Facilitation.<\/p>\n<p><em>Somapa Information Technology a \u00e9t\u00e9 cr\u00e9\u00e9e en 1995 et s\u2019est affirm\u00e9e en tant que leader mondial du secteur, fournissant des solutions de gestion des fronti\u00e8res de bout en bout, enti\u00e8rement personnalisables et \u00e9volutives, au travers de sa solution Smart Border.<\/em><\/p>\n<p><em>Depuis pr\u00e8s de trois d\u00e9cennies, Somapa IT a d\u00e9velopp\u00e9 et mis en \u0153uvre une gamme de solutions qui, harmonieusement, m\u00ealent s\u00e9curit\u00e9 et efficacit\u00e9 dans la gestion des flux de transports. Au cours de cette p\u00e9riode, Somapa IT s\u2019est affirm\u00e9e comme un partenaire de confiance du gouvernement, de l&#8217;industrie et de la communaut\u00e9 internationale.<\/em><\/p>\n<p><em>Aujourd&#8217;hui, notre solution Smart Border contr\u00f4le plus de 100 millions de passagers par an, offrant des niveaux de s\u00e9curit\u00e9 in\u00e9gal\u00e9s, tout en permettant le mouvement fluide des voyageurs l\u00e9gitimes \u00e0 travers le monde entier.<\/em><\/p>\n<p><em>La solution Smart Border de Somapa IT est con\u00e7ue tout en conservant la flexibilit\u00e9 n\u00e9cessaire, afin de r\u00e9pondre aux besoins et priorit\u00e9s du moment, tout en conservant la souplesse n\u00e9cessaire, afin de r\u00e9pondre aux opportunit\u00e9s futures et aux risques \u00e0 venir.<\/em><\/p>\n<p><em>Ne n\u00e9cessitant aucune d\u00e9pense en capital ni investissement public, la solution Smart Border rend les syst\u00e8mes frontaliers de pointe accessibles \u00e0 tous les pays, s\u2019affranchissant des contraintes de taille, de budget ou du nombre de voyageurs.<\/em><\/p>\n<p><em>Somapa informatique. L\u00e0 o\u00f9 s\u00e9curit\u00e9 rime avec confort.<\/em><\/p>\n<p><a href=\"https:\/\/www.somapait.com\/\" target=\"_blank\" rel=\"noopener\">www.somapait.com<\/a><\/p>\n<\/div><\/div><\/div><\/div><\/div>\n","protected":false},"excerpt":{"rendered":"","protected":false},"author":1,"featured_media":1294,"parent":0,"menu_order":0,"comment_status":"closed","ping_status":"closed","template":"","meta":{"footnotes":""},"class_list":["post-1293","page","type-page","status-publish","has-post-thumbnail","hentry"],"yoast_head":"<!-- This site is optimized with the Yoast SEO plugin v23.2 - https:\/\/yoast.com\/wordpress\/plugins\/seo\/ -->\n<title>Somapa Information Technology - Digital Government Africa 2024<\/title>\n<meta name=\"robots\" content=\"index, follow, max-snippet:-1, max-image-preview:large, max-video-preview:-1\" \/>\n<link rel=\"canonical\" href=\"https:\/\/africa-digital.com\/2024\/somapa-information-technology\/\" \/>\n<meta property=\"og:locale\" content=\"en_US\" \/>\n<meta property=\"og:type\" content=\"article\" \/>\n<meta property=\"og:title\" content=\"Somapa Information Technology - Digital Government Africa 2024\" \/>\n<meta property=\"og:url\" content=\"https:\/\/africa-digital.com\/2024\/somapa-information-technology\/\" \/>\n<meta property=\"og:site_name\" content=\"Digital Government Africa 2024\" \/>\n<meta property=\"article:modified_time\" content=\"2024-08-08T21:45:36+00:00\" \/>\n<meta property=\"og:image\" content=\"https:\/\/africa-digital.com\/2024\/wp-content\/uploads\/2024\/08\/AW_Somapa-IT-600x400-1.gif\" \/>\n\t<meta property=\"og:image:width\" content=\"600\" \/>\n\t<meta property=\"og:image:height\" content=\"400\" \/>\n\t<meta property=\"og:image:type\" content=\"image\/gif\" \/>\n<meta name=\"twitter:card\" content=\"summary_large_image\" \/>\n<meta name=\"twitter:label1\" content=\"Est. reading time\" \/>\n\t<meta name=\"twitter:data1\" content=\"2 minutes\" \/>\n<script type=\"application\/ld+json\" class=\"yoast-schema-graph\">{\"@context\":\"https:\/\/schema.org\",\"@graph\":[{\"@type\":\"WebPage\",\"@id\":\"https:\/\/africa-digital.com\/2024\/somapa-information-technology\/\",\"url\":\"https:\/\/africa-digital.com\/2024\/somapa-information-technology\/\",\"name\":\"Somapa Information Technology - Digital Government Africa 2024\",\"isPartOf\":{\"@id\":\"https:\/\/africa-digital.com\/2024\/#website\"},\"primaryImageOfPage\":{\"@id\":\"https:\/\/africa-digital.com\/2024\/somapa-information-technology\/#primaryimage\"},\"image\":{\"@id\":\"https:\/\/africa-digital.com\/2024\/somapa-information-technology\/#primaryimage\"},\"thumbnailUrl\":\"https:\/\/africa-digital.com\/2024\/wp-content\/uploads\/2024\/08\/AW_Somapa-IT-600x400-1.gif\",\"datePublished\":\"2024-08-08T21:40:38+00:00\",\"dateModified\":\"2024-08-08T21:45:36+00:00\",\"breadcrumb\":{\"@id\":\"https:\/\/africa-digital.com\/2024\/somapa-information-technology\/#breadcrumb\"},\"inLanguage\":\"en-US\",\"potentialAction\":[{\"@type\":\"ReadAction\",\"target\":[\"https:\/\/africa-digital.com\/2024\/somapa-information-technology\/\"]}]},{\"@type\":\"ImageObject\",\"inLanguage\":\"en-US\",\"@id\":\"https:\/\/africa-digital.com\/2024\/somapa-information-technology\/#primaryimage\",\"url\":\"https:\/\/africa-digital.com\/2024\/wp-content\/uploads\/2024\/08\/AW_Somapa-IT-600x400-1.gif\",\"contentUrl\":\"https:\/\/africa-digital.com\/2024\/wp-content\/uploads\/2024\/08\/AW_Somapa-IT-600x400-1.gif\",\"width\":600,\"height\":400},{\"@type\":\"BreadcrumbList\",\"@id\":\"https:\/\/africa-digital.com\/2024\/somapa-information-technology\/#breadcrumb\",\"itemListElement\":[{\"@type\":\"ListItem\",\"position\":1,\"name\":\"Home\",\"item\":\"https:\/\/africa-digital.com\/2024\/\"},{\"@type\":\"ListItem\",\"position\":2,\"name\":\"Somapa Information Technology\"}]},{\"@type\":\"WebSite\",\"@id\":\"https:\/\/africa-digital.com\/2024\/#website\",\"url\":\"https:\/\/africa-digital.com\/2024\/\",\"name\":\"Digital Government Africa 2024\",\"description\":\"Africa\u2019s Digital Ministerial Summit\",\"potentialAction\":[{\"@type\":\"SearchAction\",\"target\":{\"@type\":\"EntryPoint\",\"urlTemplate\":\"https:\/\/africa-digital.com\/2024\/?s={search_term_string}\"},\"query-input\":\"required name=search_term_string\"}],\"inLanguage\":\"en-US\"}]}<\/script>\n<!-- \/ Yoast SEO plugin. -->","yoast_head_json":{"title":"Somapa Information Technology - Digital Government Africa 2024","robots":{"index":"index","follow":"follow","max-snippet":"max-snippet:-1","max-image-preview":"max-image-preview:large","max-video-preview":"max-video-preview:-1"},"canonical":"https:\/\/africa-digital.com\/2024\/somapa-information-technology\/","og_locale":"en_US","og_type":"article","og_title":"Somapa Information Technology - Digital Government Africa 2024","og_url":"https:\/\/africa-digital.com\/2024\/somapa-information-technology\/","og_site_name":"Digital Government Africa 2024","article_modified_time":"2024-08-08T21:45:36+00:00","og_image":[{"width":600,"height":400,"url":"https:\/\/africa-digital.com\/2024\/wp-content\/uploads\/2024\/08\/AW_Somapa-IT-600x400-1.gif","type":"image\/gif"}],"twitter_card":"summary_large_image","twitter_misc":{"Est. reading time":"2 minutes"},"schema":{"@context":"https:\/\/schema.org","@graph":[{"@type":"WebPage","@id":"https:\/\/africa-digital.com\/2024\/somapa-information-technology\/","url":"https:\/\/africa-digital.com\/2024\/somapa-information-technology\/","name":"Somapa Information Technology - Digital Government Africa 2024","isPartOf":{"@id":"https:\/\/africa-digital.com\/2024\/#website"},"primaryImageOfPage":{"@id":"https:\/\/africa-digital.com\/2024\/somapa-information-technology\/#primaryimage"},"image":{"@id":"https:\/\/africa-digital.com\/2024\/somapa-information-technology\/#primaryimage"},"thumbnailUrl":"https:\/\/africa-digital.com\/2024\/wp-content\/uploads\/2024\/08\/AW_Somapa-IT-600x400-1.gif","datePublished":"2024-08-08T21:40:38+00:00","dateModified":"2024-08-08T21:45:36+00:00","breadcrumb":{"@id":"https:\/\/africa-digital.com\/2024\/somapa-information-technology\/#breadcrumb"},"inLanguage":"en-US","potentialAction":[{"@type":"ReadAction","target":["https:\/\/africa-digital.com\/2024\/somapa-information-technology\/"]}]},{"@type":"ImageObject","inLanguage":"en-US","@id":"https:\/\/africa-digital.com\/2024\/somapa-information-technology\/#primaryimage","url":"https:\/\/africa-digital.com\/2024\/wp-content\/uploads\/2024\/08\/AW_Somapa-IT-600x400-1.gif","contentUrl":"https:\/\/africa-digital.com\/2024\/wp-content\/uploads\/2024\/08\/AW_Somapa-IT-600x400-1.gif","width":600,"height":400},{"@type":"BreadcrumbList","@id":"https:\/\/africa-digital.com\/2024\/somapa-information-technology\/#breadcrumb","itemListElement":[{"@type":"ListItem","position":1,"name":"Home","item":"https:\/\/africa-digital.com\/2024\/"},{"@type":"ListItem","position":2,"name":"Somapa Information Technology"}]},{"@type":"WebSite","@id":"https:\/\/africa-digital.com\/2024\/#website","url":"https:\/\/africa-digital.com\/2024\/","name":"Digital Government Africa 2024","description":"Africa\u2019s Digital Ministerial Summit","potentialAction":[{"@type":"SearchAction","target":{"@type":"EntryPoint","urlTemplate":"https:\/\/africa-digital.com\/2024\/?s={search_term_string}"},"query-input":"required name=search_term_string"}],"inLanguage":"en-US"}]}},"_links":{"self":[{"href":"https:\/\/africa-digital.com\/2024\/wp-json\/wp\/v2\/pages\/1293","targetHints":{"allow":["GET"]}}],"collection":[{"href":"https:\/\/africa-digital.com\/2024\/wp-json\/wp\/v2\/pages"}],"about":[{"href":"https:\/\/africa-digital.com\/2024\/wp-json\/wp\/v2\/types\/page"}],"author":[{"embeddable":true,"href":"https:\/\/africa-digital.com\/2024\/wp-json\/wp\/v2\/users\/1"}],"replies":[{"embeddable":true,"href":"https:\/\/africa-digital.com\/2024\/wp-json\/wp\/v2\/comments?post=1293"}],"version-history":[{"count":4,"href":"https:\/\/africa-digital.com\/2024\/wp-json\/wp\/v2\/pages\/1293\/revisions"}],"predecessor-version":[{"id":1298,"href":"https:\/\/africa-digital.com\/2024\/wp-json\/wp\/v2\/pages\/1293\/revisions\/1298"}],"wp:featuredmedia":[{"embeddable":true,"href":"https:\/\/africa-digital.com\/2024\/wp-json\/wp\/v2\/media\/1294"}],"wp:attachment":[{"href":"https:\/\/africa-digital.com\/2024\/wp-json\/wp\/v2\/media?parent=1293"}],"curies":[{"name":"wp","href":"https:\/\/api.w.org\/{rel}","templated":true}]}}